{"id":7743,"date":"2025-03-26T11:20:12","date_gmt":"2025-03-26T14:20:12","guid":{"rendered":"https:\/\/hdbsystems.com.br\/?page_id=7743"},"modified":"2025-03-27T00:08:07","modified_gmt":"2025-03-27T03:08:07","slug":"about-us","status":"publish","type":"page","link":"https:\/\/hdbsystems.com.br\/index.php\/about-us\/","title":{"rendered":"Quem Somos"},"content":{"rendered":"<p>[et_pb_section fb_built=&#8221;1&#8243; admin_label=&#8221;Header&#8221; _builder_version=&#8221;4.27.0&#8243; background_color_gradient_direction=&#8221;136deg&#8221; background_image=&#8221;https:\/\/hdbsystems.com.br\/wp-content\/uploads\/2025\/03\/Quem-Somos.jpg&#8221; parallax=&#8221;on&#8221; custom_padding=&#8221;205px||205px||false|false&#8221; box_shadow_style=&#8221;preset3&#8243; collapsed=&#8221;on&#8221; global_colors_info=&#8221;{}&#8221;][et_pb_row custom_padding_last_edited=&#8221;on|phone&#8221; _builder_version=&#8221;4.27.0&#8243; custom_padding_tablet=&#8221;&#8221; custom_padding_phone=&#8221;&#8221; animation_style=&#8221;flip&#8221; animation_duration=&#8221;1350ms&#8221; animation_delay=&#8221;100ms&#8221; animation_starting_opacity=&#8221;12%&#8221; scroll_horizontal_motion_tablet=&#8221;&#8221; scroll_horizontal_motion_phone=&#8221;0|49|49|100|4|0|-4&#8243; scroll_horizontal_motion_last_edited=&#8221;on|desktop&#8221; global_colors_info=&#8221;{}&#8221;][et_pb_column type=&#8221;4_4&#8243; _builder_version=&#8221;4.16&#8243; global_colors_info=&#8221;{}&#8221;][et_pb_text _builder_version=&#8221;4.27.0&#8243; header_font=&#8221;Mark Pro Bold|800|||||||&#8221; header_text_align=&#8221;center&#8221; header_text_color=&#8221;#ffffff&#8221; header_font_size=&#8221;60px&#8221; header_font_size_tablet=&#8221;60px&#8221; header_font_size_phone=&#8221;60px&#8221; header_font_size_last_edited=&#8221;on|desktop&#8221; header_text_shadow_style=&#8221;preset2&#8243; global_colors_info=&#8221;{}&#8221;]<\/p>\n<h1>Quem Somos<\/h1>\n<p>[\/et_pb_text][\/et_pb_column][\/et_pb_row][\/et_pb_section][et_pb_section fb_built=&#8221;1&#8243; admin_label=&#8221;Company Info&#8221; _builder_version=&#8221;4.27.0&#8243; custom_padding=&#8221;80px||||false|false&#8221; collapsed=&#8221;off&#8221; global_colors_info=&#8221;{}&#8221;][et_pb_row column_structure=&#8221;1_2,1_2&#8243; admin_label=&#8221;About Us&#8221; _builder_version=&#8221;4.16&#8243; width=&#8221;100%&#8221; max_width=&#8221;2560px&#8221; collapsed=&#8221;on&#8221; global_colors_info=&#8221;{}&#8221;][et_pb_column type=&#8221;1_2&#8243; _builder_version=&#8221;4.16&#8243; global_colors_info=&#8221;{}&#8221;][et_pb_image src=&#8221;https:\/\/hdbsystems.com.br\/wp-content\/uploads\/2025\/03\/Quem-Somos-Sobre-Nos.jpg&#8221; alt=&#8221;Logotipo com sombra&#8221; title_text=&#8221;Quem Somos &#8211; Sobre N\u00f3s&#8221; _builder_version=&#8221;4.27.0&#8243; min_height=&#8221;100px&#8221; animation_style=&#8221;slide&#8221; animation_delay=&#8221;100ms&#8221; scroll_horizontal_motion_enable=&#8221;on&#8221; scroll_horizontal_motion=&#8221;0|61|61|100|0|0|-4&#8243; global_colors_info=&#8221;{}&#8221;][\/et_pb_image][\/et_pb_column][et_pb_column type=&#8221;1_2&#8243; _builder_version=&#8221;4.16&#8243; custom_padding=&#8221;|60px||10px|false|false&#8221; custom_padding_tablet=&#8221;|90px||90px|false|true&#8221; custom_padding_phone=&#8221;|60px||60px|false|true&#8221; custom_padding_last_edited=&#8221;on|phone&#8221; scroll_fade_enable=&#8221;on&#8221; scroll_fade=&#8221;0|42|42|100|0|100|100&#8243; global_colors_info=&#8221;{}&#8221;][et_pb_text _builder_version=&#8221;4.17.1&#8243; header_font=&#8221;Mark Pro Bold|600||on|||||&#8221; header_text_color=&#8221;#1d2d24&#8243; header_font_size=&#8221;49px&#8221; custom_margin=&#8221;||5px|||&#8221; global_colors_info=&#8221;{}&#8221;]<\/p>\n<h1>Sobre N\u00f3s<\/h1>\n<p>[\/et_pb_text][et_pb_divider divider_weight=&#8221;1px&#8221; _builder_version=&#8221;4.16&#8243; width=&#8221;19%&#8221; custom_margin=&#8221;||10px|||&#8221; global_colors_info=&#8221;{}&#8221;][\/et_pb_divider][et_pb_text content_tablet=&#8221;A HDB Systems \u00e9 uma empresa que oferece solu\u00e7\u00f5es digitais r\u00e1pidas e seguras que otimizam a gest\u00e3o de informa\u00e7\u00f5es da sua empresa. Proporcionamos recursos de tecnologia que agilizam o processo de tomadas de decis\u00e3o importantes atrav\u00e9s de RPA (Automa\u00e7\u00e3o Rob\u00f3tica de Processos), Big Data, Analytics e machine learning.<\/p>\n<p>A HDB Systems atua desde 2000 na \u00e1rea da tecnologia da informa\u00e7\u00e3o garantindo servi\u00e7os de qualidade para institui\u00e7\u00f5es de diferentes \u00e1reas como educa\u00e7\u00e3o, telecomunica\u00e7\u00f5es, sa\u00fade, financeiro e institui\u00e7\u00f5es governamentais.&#8221; content_phone=&#8221;A HDB Systems \u00e9 uma empresa que oferece solu\u00e7\u00f5es digitais r\u00e1pidas e seguras que otimizam a gest\u00e3o de informa\u00e7\u00f5es da sua empresa. Proporcionamos recursos de tecnologia que agilizam o processo de tomadas de decis\u00e3o importantes atrav\u00e9s de RPA (Automa\u00e7\u00e3o Rob\u00f3tica de Processos), Big Data, Analytics e machine learning.<\/p>\n<p>A HDB Systems atua desde 2000 na \u00e1rea da tecnologia da informa\u00e7\u00e3o garantindo servi\u00e7os de qualidade para institui\u00e7\u00f5es de diferentes \u00e1reas como educa\u00e7\u00e3o, telecomunica\u00e7\u00f5es, sa\u00fade, financeiro e institui\u00e7\u00f5es governamentais.&#8221; content_last_edited=&#8221;on|tablet&#8221; _builder_version=&#8221;4.27.0&#8243; text_font=&#8221;Mark Pro|300|||||||&#8221; text_text_color=&#8221;#1d2d24&#8243; text_font_size=&#8221;17px&#8221; text_line_height=&#8221;1.5em&#8221; text_orientation=&#8221;justified&#8221; background_layout=&#8221;dark&#8221; global_colors_info=&#8221;{}&#8221;]<\/p>\n<p>A HDB Systems \u00e9 uma empresa que oferece solu\u00e7\u00f5es digitais r\u00e1pidas e seguras que otimizam a gest\u00e3o de informa\u00e7\u00f5es da sua empresa.<\/p>\n<p>N\u00f3s valorizamos nossos clientes e procuramos solu\u00e7\u00f5es que se encaixem perfeitamente aos seus desejos. Acreditamos que o futuro \u00e9 agora e que ele deve estar ao alcance de todos.<\/p>\n<p>Atuamos desde o ano de 2011 na \u00e1rea de tecnologia da informa\u00e7\u00e3o garantindo servi\u00e7os de qualidade para institui\u00e7\u00f5es de diferentes \u00e1reas como educa\u00e7\u00e3o, telecomunica\u00e7\u00f5es, sa\u00fade, financeira e governo, com modernos recursos de tecnologia que agilizam os processos das empresas.<\/p>\n<p>[\/et_pb_text][\/et_pb_column][\/et_pb_row][\/et_pb_section][et_pb_section fb_built=&#8221;1&#8243; admin_label=&#8221;Company DNA&#8221; _builder_version=&#8221;4.16&#8243; custom_padding=&#8221;0px||0px|||&#8221; collapsed=&#8221;off&#8221; global_colors_info=&#8221;{}&#8221;][et_pb_row column_structure=&#8221;1_2,1_2&#8243; use_custom_gutter=&#8221;on&#8221; gutter_width=&#8221;1&#8243; admin_label=&#8221;Mission&#8221; _builder_version=&#8221;4.16&#8243; width=&#8221;100%&#8221; max_width=&#8221;2560px&#8221; custom_padding=&#8221;7px||0px|||&#8221; collapsed=&#8221;on&#8221; global_colors_info=&#8221;{}&#8221;][et_pb_column type=&#8221;1_2&#8243; _builder_version=&#8221;4.16&#8243; background_enable_image=&#8221;off&#8221; background_size=&#8221;contain&#8221; custom_padding=&#8221;60px|60px|60px|90px|true|false&#8221; custom_padding_tablet=&#8221;|90px||90px|false|true&#8221; custom_padding_phone=&#8221;|60px||60px|false|true&#8221; custom_padding_last_edited=&#8221;on|desktop&#8221; scroll_fade_enable=&#8221;on&#8221; scroll_fade=&#8221;0|42|42|100|0|100|100&#8243; global_colors_info=&#8221;{}&#8221;][et_pb_text _builder_version=&#8221;4.16&#8243; header_font=&#8221;Mark Pro Bold|600||on|||||&#8221; header_text_color=&#8221;#1d2d24&#8243; header_font_size=&#8221;49px&#8221; custom_margin=&#8221;||5px|||&#8221; global_colors_info=&#8221;{}&#8221;]<\/p>\n<h1>Miss\u00e3o<\/h1>\n<p>[\/et_pb_text][et_pb_divider divider_weight=&#8221;1px&#8221; _builder_version=&#8221;4.16&#8243; width=&#8221;19%&#8221; custom_margin=&#8221;||10px|||&#8221; global_colors_info=&#8221;{}&#8221;][\/et_pb_divider][et_pb_text content_tablet=&#8221;Nossa miss\u00e3o \u00e9 apresentar as melhores solu\u00e7\u00f5es e desenvolver estrat\u00e9gias para tecnologia da informa\u00e7\u00e3o que aumentem a assertividade em tomadas de decis\u00e3o importantes. Estimular a competitividade entre empresas, provendo solu\u00e7\u00f5es de alta performance e servi\u00e7os com o melhor custo-benef\u00edcio.&#8221; content_phone=&#8221;Nossa miss\u00e3o \u00e9 apresentar as melhores solu\u00e7\u00f5es e desenvolver estrat\u00e9gias para tecnologia da informa\u00e7\u00e3o que aumentem a assertividade em tomadas de decis\u00e3o importantes. Estimular a competitividade entre empresas, provendo solu\u00e7\u00f5es de alta performance e servi\u00e7os com o melhor custo-benef\u00edcio.&#8221; content_last_edited=&#8221;on|phone&#8221; _builder_version=&#8221;4.17.1&#8243; text_font=&#8221;Mark Pro|300|||||||&#8221; text_text_color=&#8221;#1d2d24&#8243; text_font_size=&#8221;17px&#8221; text_line_height=&#8221;1.5em&#8221; text_orientation=&#8221;justified&#8221; global_colors_info=&#8221;{}&#8221;]<\/p>\n<p>Nossa miss\u00e3o \u00e9 apresentar as melhores solu\u00e7\u00f5es e desenvolver estrat\u00e9gias para tecnologia da informa\u00e7\u00e3o que aumentem a assertividade em tomadas de decis\u00e3o importantes. Estimular a competitividade entre empresas, provendo solu\u00e7\u00f5es de alta performance e servi\u00e7os com o melhor custo-benef\u00edcio.<\/p>\n<p>[\/et_pb_text][\/et_pb_column][et_pb_column type=&#8221;1_2&#8243; _builder_version=&#8221;4.16&#8243; global_colors_info=&#8221;{}&#8221;][et_pb_image src=&#8221;https:\/\/hdbsystems.com.br\/wp-content\/uploads\/2025\/03\/Quem-Somos-Missao-scaled-1.jpeg&#8221; alt=&#8221;Quem Somos &#8211; Miss\u00e3o&#8221; title_text=&#8221;Top view of  white scattered puzzle pieces and businesspeople hands&#8221; _builder_version=&#8221;4.27.0&#8243; min_height=&#8221;100px&#8221; scroll_scaling_enable=&#8221;on&#8221; scroll_scaling=&#8221;0|41|41|100|70|100|100&#8243; global_colors_info=&#8221;{}&#8221;][\/et_pb_image][\/et_pb_column][\/et_pb_row][et_pb_row column_structure=&#8221;1_2,1_2&#8243; use_custom_gutter=&#8221;on&#8221; gutter_width=&#8221;1&#8243; admin_label=&#8221;Values&#8221; _builder_version=&#8221;4.16&#8243; width=&#8221;100%&#8221; max_width=&#8221;2560px&#8221; custom_margin=&#8221;|auto|2px|auto||&#8221; custom_padding=&#8221;0px||0px|||&#8221; collapsed=&#8221;on&#8221; global_colors_info=&#8221;{}&#8221;][et_pb_column type=&#8221;1_2&#8243; _builder_version=&#8221;4.16&#8243; global_colors_info=&#8221;{}&#8221;][et_pb_image src=&#8221;https:\/\/hdbsystems.com.br\/wp-content\/uploads\/2025\/03\/Quem-Somos-Valores-scaled-1.jpeg&#8221; alt=&#8221;Quem Somos &#8211; Valores&#8221; title_text=&#8221;Mexican hipster man working with computer&#8221; _builder_version=&#8221;4.27.0&#8243; min_height=&#8221;100px&#8221; scroll_scaling_enable=&#8221;on&#8221; scroll_scaling=&#8221;0|41|41|100|70|100|100&#8243; global_colors_info=&#8221;{}&#8221;][\/et_pb_image][\/et_pb_column][et_pb_column type=&#8221;1_2&#8243; _builder_version=&#8221;4.16&#8243; background_enable_image=&#8221;off&#8221; background_size=&#8221;contain&#8221; custom_padding=&#8221;60px|60px|60px|90px|true|false&#8221; custom_padding_tablet=&#8221;|90px||90px|false|true&#8221; custom_padding_phone=&#8221;|60px||60px|false|true&#8221; custom_padding_last_edited=&#8221;on|desktop&#8221; scroll_fade_enable=&#8221;on&#8221; scroll_fade=&#8221;0|42|42|100|0|100|100&#8243; global_colors_info=&#8221;{}&#8221;][et_pb_text _builder_version=&#8221;4.16&#8243; header_font=&#8221;Mark Pro Bold|600||on|||||&#8221; header_text_color=&#8221;#1d2d24&#8243; header_font_size=&#8221;49px&#8221; custom_margin=&#8221;||5px|||&#8221; global_colors_info=&#8221;{}&#8221;]<\/p>\n<h1>Valores<\/h1>\n<p>[\/et_pb_text][et_pb_divider divider_weight=&#8221;1px&#8221; _builder_version=&#8221;4.16&#8243; width=&#8221;19%&#8221; custom_margin=&#8221;||10px|||&#8221; global_colors_info=&#8221;{}&#8221;][\/et_pb_divider][et_pb_text content_tablet=&#8221;Compet\u00eancia, comprometimento e estilo de atua\u00e7\u00e3o s\u00e3o nossos valores e os alicerces sobre os quais apoiamos nosso trabalho. A HDB Systems procura desenvolver junto a seus clientes e parceiros relacionamentos duradouros que contribuam significativamente para o sucesso e crescimento de sua empresa. Nossa empresa desenvolve pol\u00edticas de incentivo para que seus colaboradores vivam de acordo com normas da honestidade, profissionalismo e respeito aos cidad\u00e3os, \u00e0s institui\u00e7\u00f5es e ao meio ambiente.&#8221; content_phone=&#8221;Compet\u00eancia, comprometimento e estilo de atua\u00e7\u00e3o s\u00e3o nossos valores e os alicerces sobre os quais apoiamos nosso trabalho. A HDB Systems procura desenvolver junto a seus clientes e parceiros relacionamentos duradouros que contribuam significativamente para o sucesso e crescimento de sua empresa. Nossa empresa desenvolve pol\u00edticas de incentivo para que seus colaboradores vivam de acordo com normas da honestidade, profissionalismo e respeito aos cidad\u00e3os, \u00e0s institui\u00e7\u00f5es e ao meio ambiente.&#8221; content_last_edited=&#8221;on|desktop&#8221; _builder_version=&#8221;4.17.1&#8243; text_font=&#8221;Mark Pro|300|||||||&#8221; text_text_color=&#8221;#1d2d24&#8243; text_font_size=&#8221;17px&#8221; text_line_height=&#8221;1.5em&#8221; text_orientation=&#8221;justified&#8221; global_colors_info=&#8221;{}&#8221;]Compet\u00eancia, comprometimento e estilo de atua\u00e7\u00e3o s\u00e3o nossos valores e os alicerces sobre os quais apoiamos nosso trabalho. A HDB Systems procura desenvolver junto a seus clientes e parceiros relacionamentos duradouros que contribuam significativamente para o sucesso e crescimento de sua empresa. Nossa empresa desenvolve pol\u00edticas de incentivo para que seus colaboradores vivam de acordo com normas da honestidade, profissionalismo e respeito aos cidad\u00e3os, \u00e0s institui\u00e7\u00f5es e ao meio ambiente.[\/et_pb_text][\/et_pb_column][\/et_pb_row][et_pb_row column_structure=&#8221;1_2,1_2&#8243; use_custom_gutter=&#8221;on&#8221; gutter_width=&#8221;1&#8243; admin_label=&#8221;Social Responsability&#8221; _builder_version=&#8221;4.16&#8243; width=&#8221;100%&#8221; max_width=&#8221;2560px&#8221; custom_padding=&#8221;7px||0px|||&#8221; collapsed=&#8221;on&#8221; global_colors_info=&#8221;{}&#8221;][et_pb_column type=&#8221;1_2&#8243; _builder_version=&#8221;4.16&#8243; background_enable_image=&#8221;off&#8221; background_size=&#8221;contain&#8221; custom_padding=&#8221;60px|60px|60px|90px|true|false&#8221; custom_padding_tablet=&#8221;|90px||90px|false|true&#8221; custom_padding_phone=&#8221;|60px||60px|false|true&#8221; custom_padding_last_edited=&#8221;on|desktop&#8221; scroll_fade_enable=&#8221;on&#8221; scroll_fade=&#8221;0|42|42|100|0|100|100&#8243; global_colors_info=&#8221;{}&#8221;][et_pb_text _builder_version=&#8221;4.16&#8243; header_font=&#8221;Mark Pro Bold|600||on|||||&#8221; header_text_color=&#8221;#1d2d24&#8243; header_font_size=&#8221;49px&#8221; custom_margin=&#8221;||5px|||&#8221; global_colors_info=&#8221;{}&#8221;]<\/p>\n<h1>Responsabilidade Social<\/h1>\n<p>[\/et_pb_text][et_pb_divider divider_weight=&#8221;1px&#8221; _builder_version=&#8221;4.16&#8243; width=&#8221;19%&#8221; custom_margin=&#8221;||10px|||&#8221; global_colors_info=&#8221;{}&#8221;][\/et_pb_divider][et_pb_text content_tablet=&#8221;Nosso compromisso \u00e9 oferecer solu\u00e7\u00f5es de tecnologia que possam contribuir com as empresas e com a sociedade, cumprindo sempre com todas as obriga\u00e7\u00f5es previstas nas leis brasileiras. Alinhados com os movimentos atuais em defesa do meio ambiente, n\u00f3s da HDB Systems estamos sempre atentos \u00e0 divulga\u00e7\u00e3o de estudos e iniciativas sobre a preserva\u00e7\u00e3o do nosso planeta. Estamos em desenvolvimento de campanhas internas por mudan\u00e7as simples nos h\u00e1bitos das pessoas, com expectativa de que cada um dos nossos colaboradores seja um multiplicador no seu meio social.&#8221; content_phone=&#8221;Nosso compromisso \u00e9 oferecer solu\u00e7\u00f5es de tecnologia que possam contribuir com as empresas e com a sociedade, cumprindo sempre com todas as obriga\u00e7\u00f5es previstas nas leis brasileiras. Alinhados com os movimentos atuais em defesa do meio ambiente, n\u00f3s da HDB Systems estamos sempre atentos \u00e0 divulga\u00e7\u00e3o de estudos e iniciativas sobre a preserva\u00e7\u00e3o do nosso planeta. Estamos em desenvolvimento de campanhas internas por mudan\u00e7as simples nos h\u00e1bitos das pessoas, com expectativa de que cada um dos nossos colaboradores seja um multiplicador no seu meio social.&#8221; content_last_edited=&#8221;on|phone&#8221; _builder_version=&#8221;4.17.1&#8243; text_font=&#8221;Mark Pro|300|||||||&#8221; text_text_color=&#8221;#1d2d24&#8243; text_font_size=&#8221;17px&#8221; text_line_height=&#8221;1.5em&#8221; text_orientation=&#8221;justified&#8221; custom_margin=&#8221;-10px|||||&#8221; global_colors_info=&#8221;{}&#8221;]<\/p>\n<p>Nosso compromisso \u00e9 oferecer solu\u00e7\u00f5es de tecnologia que possam contribuir com as empresas e com a sociedade, cumprindo sempre com todas as obriga\u00e7\u00f5es previstas nas leis brasileiras. Alinhados com os movimentos atuais em defesa do meio ambiente, n\u00f3s da HDB Systems estamos sempre atentos \u00e0 divulga\u00e7\u00e3o de estudos e iniciativas sobre a preserva\u00e7\u00e3o do nosso planeta. Estamos em desenvolvimento de campanhas internas por mudan\u00e7as simples nos h\u00e1bitos das pessoas, com expectativa de que cada um dos nossos colaboradores seja um multiplicador no seu meio social.<\/p>\n<p>[\/et_pb_text][\/et_pb_column][et_pb_column type=&#8221;1_2&#8243; _builder_version=&#8221;4.16&#8243; global_colors_info=&#8221;{}&#8221;][et_pb_image src=&#8221;https:\/\/hdbsystems.com.br\/wp-content\/uploads\/2025\/03\/Quem-Somos-Responsabilidade-Social-scaled-1.jpeg&#8221; alt=&#8221;Quem Somos &#8211; Responsabilidade Social&#8221; title_text=&#8221;Process for success concept. Wooden cube block flip over word process to success on wood table&#8221; _builder_version=&#8221;4.27.0&#8243; min_height=&#8221;112px&#8221; custom_margin=&#8221;-10px|||||&#8221; custom_padding=&#8221;0px|||||&#8221; scroll_scaling_enable=&#8221;on&#8221; scroll_scaling=&#8221;0|41|41|100|70|100|100&#8243; global_colors_info=&#8221;{}&#8221;][\/et_pb_image][\/et_pb_column][\/et_pb_row][\/et_pb_section]<\/p>\n","protected":false},"excerpt":{"rendered":"<p>Quem SomosSobre N\u00f3sA HDB Systems \u00e9 uma empresa que oferece solu\u00e7\u00f5es digitais r\u00e1pidas e seguras que otimizam a gest\u00e3o de informa\u00e7\u00f5es da sua empresa. N\u00f3s valorizamos nossos clientes e procuramos solu\u00e7\u00f5es que se encaixem perfeitamente aos seus desejos. Acreditamos que o futuro \u00e9 agora e que ele deve estar ao alcance de todos. Atuamos desde [&hellip;]<\/p>\n","protected":false},"author":1,"featured_media":0,"parent":0,"menu_order":0,"comment_status":"closed","ping_status":"closed","template":"","meta":{"_et_pb_use_builder":"on","_et_pb_old_content":"","_et_gb_content_width":"","footnotes":""},"class_list":["post-7743","page","type-page","status-publish","hentry"],"_links":{"self":[{"href":"https:\/\/hdbsystems.com.br\/index.php\/wp-json\/wp\/v2\/pages\/7743","targetHints":{"allow":["GET"]}}],"collection":[{"href":"https:\/\/hdbsystems.com.br\/index.php\/wp-json\/wp\/v2\/pages"}],"about":[{"href":"https:\/\/hdbsystems.com.br\/index.php\/wp-json\/wp\/v2\/types\/page"}],"author":[{"embeddable":true,"href":"https:\/\/hdbsystems.com.br\/index.php\/wp-json\/wp\/v2\/users\/1"}],"replies":[{"embeddable":true,"href":"https:\/\/hdbsystems.com.br\/index.php\/wp-json\/wp\/v2\/comments?post=7743"}],"version-history":[{"count":4,"href":"https:\/\/hdbsystems.com.br\/index.php\/wp-json\/wp\/v2\/pages\/7743\/revisions"}],"predecessor-version":[{"id":7904,"href":"https:\/\/hdbsystems.com.br\/index.php\/wp-json\/wp\/v2\/pages\/7743\/revisions\/7904"}],"wp:attachment":[{"href":"https:\/\/hdbsystems.com.br\/index.php\/wp-json\/wp\/v2\/media?parent=7743"}],"curies":[{"name":"wp","href":"https:\/\/api.w.org\/{rel}","templated":true}]}}