{"id":7751,"date":"2025-03-26T11:21:12","date_gmt":"2025-03-26T14:21:12","guid":{"rendered":"https:\/\/hdbsystems.com.br\/?page_id=7751"},"modified":"2025-03-26T11:37:07","modified_gmt":"2025-03-26T14:37:07","slug":"solutions","status":"publish","type":"page","link":"https:\/\/hdbsystems.com.br\/index.php\/solutions\/","title":{"rendered":"Solu\u00e7\u00f5es"},"content":{"rendered":"\n[et_pb_section fb_built=&#8221;1&#8243; _builder_version=&#8221;4.23&#8243; use_background_color_gradient=&#8221;on&#8221; background_color_gradient_stops=&#8221;#c6d7df 0%|#ffffff 12%&#8221; background_enable_image=&#8221;off&#8221; custom_margin=&#8221;-13px|||||&#8221; custom_padding=&#8221;84px||98px|||&#8221; global_colors_info=&#8221;{}&#8221; theme_builder_area=&#8221;post_content&#8221;][et_pb_row column_structure=&#8221;1_2,1_2&#8243; use_custom_gutter=&#8221;on&#8221; gutter_width=&#8221;4&#8243; make_equal=&#8221;on&#8221; _builder_version=&#8221;4.16&#8243; background_enable_image=&#8221;off&#8221; width=&#8221;100%&#8221; module_alignment=&#8221;center&#8221; custom_margin=&#8221;26px|115px||auto||&#8221; custom_padding=&#8221;10px|0px||1px||&#8221; global_colors_info=&#8221;{}&#8221; theme_builder_area=&#8221;post_content&#8221;][et_pb_column type=&#8221;1_2&#8243; _builder_version=&#8221;4.16&#8243; background_enable_image=&#8221;off&#8221; global_colors_info=&#8221;{}&#8221; theme_builder_area=&#8221;post_content&#8221;][et_pb_image src=&#8221;https:\/\/hdbsystems.com.br\/wp-content\/uploads\/2025\/03\/33.png&#8221; title_text=&#8221;33&#8243; _builder_version=&#8221;4.23&#8243; transform_translate=&#8221;5px|0px&#8221; max_width=&#8221;90%&#8221; module_alignment=&#8221;center&#8221; custom_padding=&#8221;|||0px||&#8221; global_colors_info=&#8221;{}&#8221; theme_builder_area=&#8221;post_content&#8221;][\/et_pb_image][\/et_pb_column][et_pb_column type=&#8221;1_2&#8243; _builder_version=&#8221;4.16&#8243; global_colors_info=&#8221;{}&#8221; theme_builder_area=&#8221;post_content&#8221;][et_pb_text _builder_version=&#8221;4.23&#8243; text_font=&#8221;Mark Pro Bold||||||||&#8221; text_text_color=&#8221;#1d2d24&#8243; text_font_size=&#8221;49px&#8221; header_font=&#8221;Mark Pro Bold||||||||&#8221; header_text_align=&#8221;left&#8221; header_text_color=&#8221;#1d2d24&#8243; header_font_size=&#8221;49px&#8221; max_width=&#8221;90%&#8221; module_alignment=&#8221;center&#8221; custom_margin=&#8221;1px||0px||false|false&#8221; custom_padding=&#8221;6px||28px||false|false&#8221; global_colors_info=&#8221;{}&#8221; theme_builder_area=&#8221;post_content&#8221;]<h1>Transforma\u00e7\u00e3o Digital<\/h1>[\/et_pb_text][et_pb_divider _builder_version=&#8221;4.17.1&#8243; _module_preset=&#8221;default&#8221; max_width=&#8221;90%&#8221; module_alignment=&#8221;center&#8221; custom_margin=&#8221;||-17px|||&#8221; global_colors_info=&#8221;{}&#8221; theme_builder_area=&#8221;post_content&#8221;][\/et_pb_divider][et_pb_text content_tablet=&#8221;A HDB Systems oferece solu\u00e7\u00f5es para alavancar a transforma\u00e7\u00e3o digital na sua empresa. Atrav\u00e9s do uso da intelig\u00eancia artificial e aprendizado de m\u00e1quina, tornamos poss\u00edvel que os processos empresariais sejam mais eficientes, r\u00e1pidos e seguros. Nossas solu\u00e7\u00f5es de <span style=%22color: #26dc73;%22>Armazenamento em Nuvem<\/span>, <span style=%22color: #26dc73;%22>Captura Inteligente de Dados <\/span>e <span style=%22color: #26dc73;%22>RPA (Robotic Process Automation)<\/span> s\u00e3o a pe\u00e7a digital que faltava para impulsionar seus neg\u00f3cios.&#8221; content_phone=&#8221;A HDB Systems oferece solu\u00e7\u00f5es para alavancar a transforma\u00e7\u00e3o digital na sua empresa. Atrav\u00e9s do uso da intelig\u00eancia artificial e aprendizado de m\u00e1quina, tornamos poss\u00edvel que os processos empresariais sejam mais eficientes, r\u00e1pidos e seguros. Nossas solu\u00e7\u00f5es de <span style=%22color: #26dc73;%22>Armazenamento em Nuvem<\/span>, <span style=%22color: #26dc73;%22>Captura Inteligente de Dados <\/span>e <span style=%22color: #26dc73;%22>RPA (Robotic Process Automation)<\/span> s\u00e3o a pe\u00e7a digital que faltava para impulsionar seus neg\u00f3cios.&#8221; content_last_edited=&#8221;on|tablet&#8221; _builder_version=&#8221;4.23&#8243; text_font=&#8221;Mark Pro|300|||||||&#8221; text_text_color=&#8221;#1d2d24&#8243; text_font_size=&#8221;17px&#8221; text_line_height=&#8221;1.5em&#8221; text_orientation=&#8221;justified&#8221; max_width=&#8221;90%&#8221; module_alignment=&#8221;center&#8221; custom_margin=&#8221;57px||||false|false&#8221; global_colors_info=&#8221;{}&#8221; theme_builder_area=&#8221;post_content&#8221;]<p>A HDB Systems oferece solu\u00e7\u00f5es para alavancar a transforma\u00e7\u00e3o digital na sua empresa. Atrav\u00e9s do uso da intelig\u00eancia artificial e aprendizado de m\u00e1quina, tornamos poss\u00edvel que os processos empresariais sejam mais eficientes, r\u00e1pidos e seguros. Nossas solu\u00e7\u00f5es de <span style=\"color: #26dc73;\">Armazenamento em Nuvem<\/span>, <span style=\"color: #26dc73;\">Captura Inteligente de Dados <\/span>e <span style=\"color: #26dc73;\">RPA (Robotic Process Automation)<\/span> s\u00e3o a pe\u00e7a digital que faltava para impulsionar seus neg\u00f3cios.<\/p>[\/et_pb_text][\/et_pb_column][\/et_pb_row][\/et_pb_section][et_pb_section fb_built=&#8221;1&#8243; _builder_version=&#8221;4.23&#8243; background_color=&#8221;#b2b2b2&#8243; background_video_mp4=&#8221;https:\/\/hdbsystems.com.br\/wp-content\/uploads\/2023\/10\/video-fundo-3.mp4&#8243; custom_padding=&#8221;19px||0px|||&#8221; global_colors_info=&#8221;{}&#8221; theme_builder_area=&#8221;post_content&#8221;][et_pb_row admin_label=&#8221;Linha&#8221; _builder_version=&#8221;4.16&#8243; custom_margin=&#8221;-21px|auto||auto||&#8221; global_colors_info=&#8221;{}&#8221; theme_builder_area=&#8221;post_content&#8221;][et_pb_column type=&#8221;4_4&#8243; _builder_version=&#8221;4.16&#8243; global_colors_info=&#8221;{}&#8221; theme_builder_area=&#8221;post_content&#8221;][et_pb_text _builder_version=&#8221;4.23&#8243; header_font=&#8221;Mark Pro Bold|600|||||||&#8221; header_text_align=&#8221;center&#8221; header_text_color=&#8221;#ffffff&#8221; header_font_size=&#8221;40px&#8221; width=&#8221;71%&#8221; module_alignment=&#8221;center&#8221; global_colors_info=&#8221;{}&#8221; theme_builder_area=&#8221;post_content&#8221;]<h1><span style=\"color: #26dc73;\">\u00a0RPA &#8211; <\/span>Automa\u00e7\u00e3o de Processos Rob\u00f3ticos<\/h1>[\/et_pb_text][et_pb_divider _builder_version=&#8221;4.23&#8243; max_width=&#8221;30%&#8221; module_alignment=&#8221;center&#8221; global_colors_info=&#8221;{}&#8221; theme_builder_area=&#8221;post_content&#8221;][\/et_pb_divider][\/et_pb_column][\/et_pb_row][\/et_pb_section][et_pb_section fb_built=&#8221;1&#8243; _builder_version=&#8221;4.23&#8243; _module_preset=&#8221;default&#8221; global_colors_info=&#8221;{}&#8221; theme_builder_area=&#8221;post_content&#8221;][et_pb_row column_structure=&#8221;1_2,1_2&#8243; _builder_version=&#8221;4.16&#8243; width=&#8221;100%&#8221; custom_margin=&#8221;|220px||auto||&#8221; global_colors_info=&#8221;{}&#8221; theme_builder_area=&#8221;post_content&#8221;][et_pb_column type=&#8221;1_2&#8243; _builder_version=&#8221;4.16&#8243; global_colors_info=&#8221;{}&#8221; theme_builder_area=&#8221;post_content&#8221;][et_pb_text content_tablet=&#8221;<p>Automa\u00e7\u00e3o \u00e9 a palavra-chave para ter mais produtividade com menos custos. Nossa consultoria trabalha com o RPA da UiPath, l\u00edder em Solu\u00e7\u00f5es de RPA.<\/p>\n<p>Fazemos o levantamento dos processos a serem automatizados e constru\u00edmos os fluxos de automa\u00e7\u00e3o, para que fluxos de trabalho complexos sejam executados de forma simples, \u00e1gil e menos propensa a erros.<\/p>\n<p>Aplicar o RPA na sua empresa permite que seus funcion\u00e1rios se ocupem mais com tarefas importantes e indispens\u00e1veis, e menos com tarefas repetitivas e desgastantes.<\/p>&#8221; content_phone=&#8221;<p>Automa\u00e7\u00e3o \u00e9 a palavra-chave para ter mais produtividade com menos custos. Nossa consultoria trabalha com o RPA da UiPath, l\u00edder em Solu\u00e7\u00f5es de RPA.<\/p>\n<p>Fazemos o levantamento dos processos a serem automatizados e constru\u00edmos os fluxos de automa\u00e7\u00e3o, para que fluxos de trabalho complexos sejam executados de forma simples, \u00e1gil e menos propensa a erros.<\/p>\n<p>Aplicar o RPA na sua empresa permite que seus funcion\u00e1rios se ocupem mais com tarefas importantes e indispens\u00e1veis, e menos com tarefas repetitivas e desgastantes.<\/p>&#8221; content_last_edited=&#8221;on|phone&#8221; _builder_version=&#8221;4.17.1&#8243; text_font=&#8221;Mark Pro|300|||||||&#8221; text_text_color=&#8221;#1d2d24&#8243; text_font_size=&#8221;17px&#8221; text_line_height=&#8221;1.5em&#8221; text_orientation=&#8221;justified&#8221; max_width=&#8221;90%&#8221; module_alignment=&#8221;center&#8221; custom_margin=&#8221;|||4px||&#8221; global_colors_info=&#8221;{}&#8221; theme_builder_area=&#8221;post_content&#8221;]<p>Automa\u00e7\u00e3o \u00e9 a palavra-chave para ter mais produtividade com menos custos. Nossa consultoria trabalha com o RPA da UiPath, l\u00edder em Solu\u00e7\u00f5es de RPA.<\/p>\n<p>Fazemos o levantamento dos processos a serem automatizados e constru\u00edmos os fluxos de automa\u00e7\u00e3o, para que fluxos de trabalho complexos sejam executados de forma simples, \u00e1gil e menos propensa a erros.<\/p>\n<p>Aplicar o RPA na sua empresa permite que seus funcion\u00e1rios se ocupem mais com tarefas importantes e indispens\u00e1veis, e menos com tarefas repetitivas e desgastantes.<\/p>[\/et_pb_text][\/et_pb_column][et_pb_column type=&#8221;1_2&#8243; _builder_version=&#8221;4.16&#8243; global_colors_info=&#8221;{}&#8221; theme_builder_area=&#8221;post_content&#8221;][et_pb_text content_tablet=&#8221;<p>Conforme as tecnologias de automa\u00e7\u00e3o evoluem, o RPA se une \u00e0 outras for\u00e7as, como intelig\u00eancia artificial, aprendizado de m\u00e1quina, processamento de linguagem natural e an\u00e1lise de dados.<\/p>\n<p>Essa ferramenta promove, al\u00e9m da automa\u00e7\u00e3o, um conjunto de informa\u00e7\u00f5es que permitem gerar <span style=%22font-family: 'Mark Pro'; color: #26dc73;%22>insights, previs\u00f5es e novas ideias<\/span>.<\/p>&#8221; content_phone=&#8221;Conforme as tecnologias de automa\u00e7\u00e3o evoluem, o RPA se une \u00e0 outras for\u00e7as, como intelig\u00eancia artificial, aprendizado de m\u00e1quina, processamento de linguagem natural e an\u00e1lise de dados.\n\nEssa ferramenta promove, al\u00e9m da automa\u00e7\u00e3o, um conjunto de informa\u00e7\u00f5es que permitem gerar <span style=%22font-family: 'Mark Pro'; color: #26dc73;%22>insights, previs\u00f5es e novas ideias<\/span>.&#8221; content_last_edited=&#8221;on|phone&#8221; _builder_version=&#8221;4.17.1&#8243; text_font=&#8221;Mark Pro|300|||||||&#8221; text_font_size=&#8221;17px&#8221; text_line_height=&#8221;1.5em&#8221; text_orientation=&#8221;justified&#8221; max_width=&#8221;90%&#8221; module_alignment=&#8221;center&#8221; inline_fonts=&#8221;Mark Pro&#8221; global_colors_info=&#8221;{}&#8221; theme_builder_area=&#8221;post_content&#8221;]<p>Conforme as tecnologias de automa\u00e7\u00e3o evoluem, o RPA se une \u00e0 outras for\u00e7as, como intelig\u00eancia artificial, aprendizado de m\u00e1quina, processamento de linguagem natural e an\u00e1lise de dados.<\/p>\n<p>Essa ferramenta promove, al\u00e9m da automa\u00e7\u00e3o, um conjunto de informa\u00e7\u00f5es que permitem gerar <span style=\"font-family: 'Mark Pro'; color: #26dc73;\">insights, previs\u00f5es e novas ideias<\/span>.<\/p>[\/et_pb_text][et_pb_button button_url=&#8221;https:\/\/hdbsystems.com.br\/index.php\/rpa\/&#8221; button_text=&#8221;Saiba Mais&#8221; button_alignment=&#8221;center&#8221; _builder_version=&#8221;4.16&#8243; custom_button=&#8221;on&#8221; button_text_color=&#8221;#26dc73&#8243; button_border_width=&#8221;3px&#8221; button_border_color=&#8221;#26dc73&#8243; button_border_radius=&#8221;55px&#8221; button_font=&#8221;Mark Pro Bold||||||||&#8221; button_icon=&#8221;&#x24;||divi||400&#8243; button_icon_color=&#8221;#26dc73&#8243; custom_margin=&#8221;65px||||false|false&#8221; global_colors_info=&#8221;{}&#8221; theme_builder_area=&#8221;post_content&#8221;][\/et_pb_button][\/et_pb_column][\/et_pb_row][\/et_pb_section][et_pb_section fb_built=&#8221;1&#8243; _builder_version=&#8221;4.23&#8243; _module_preset=&#8221;default&#8221; background_video_mp4=&#8221;https:\/\/hdbsystems.com.br\/wp-content\/uploads\/2023\/10\/videonuvem.mp4&#8243; custom_padding=&#8221;0px||0px||true|&#8221; global_colors_info=&#8221;{}&#8221; theme_builder_area=&#8221;post_content&#8221;][et_pb_row _builder_version=&#8221;4.23&#8243; _module_preset=&#8221;default&#8221; global_colors_info=&#8221;{}&#8221; theme_builder_area=&#8221;post_content&#8221;][et_pb_column type=&#8221;4_4&#8243; _builder_version=&#8221;4.23&#8243; _module_preset=&#8221;default&#8221; global_colors_info=&#8221;{}&#8221; theme_builder_area=&#8221;post_content&#8221;][et_pb_text _builder_version=&#8221;4.23&#8243; header_font=&#8221;Mark Pro Bold||||||||&#8221; header_text_align=&#8221;left&#8221; header_text_color=&#8221;#ffffff&#8221; header_font_size=&#8221;49px&#8221; global_colors_info=&#8221;{}&#8221; theme_builder_area=&#8221;post_content&#8221;]<h1 style=\"text-align: center;\">Solu\u00e7\u00f5es na Nuvem<\/h1>[\/et_pb_text][et_pb_divider _builder_version=&#8221;4.23&#8243; max_width=&#8221;30%&#8221; module_alignment=&#8221;center&#8221; global_colors_info=&#8221;{}&#8221; theme_builder_area=&#8221;post_content&#8221;][\/et_pb_divider][\/et_pb_column][\/et_pb_row][\/et_pb_section][et_pb_section fb_built=&#8221;1&#8243; _builder_version=&#8221;4.23&#8243; background_enable_color=&#8221;off&#8221; background_enable_image=&#8221;off&#8221; parallax=&#8221;on&#8221; custom_padding=&#8221;8px|||||&#8221; global_colors_info=&#8221;{}&#8221; theme_builder_area=&#8221;post_content&#8221;][et_pb_row column_structure=&#8221;1_2,1_2&#8243; _builder_version=&#8221;4.16&#8243; custom_padding=&#8221;3px|||||&#8221; global_colors_info=&#8221;{}&#8221; theme_builder_area=&#8221;post_content&#8221;][et_pb_column type=&#8221;1_2&#8243; _builder_version=&#8221;4.16&#8243; global_colors_info=&#8221;{}&#8221; theme_builder_area=&#8221;post_content&#8221;][et_pb_text content_tablet=&#8221;A HDB Systems fornece servi\u00e7os de backup e armazenamento de dados, disaster recovery e migra\u00e7\u00e3o de banco de dados para voc\u00ea gerenciar e armazenar seus dados de forma r\u00e1pida, simples e segura.\n\nNossas solu\u00e7\u00f5es s\u00e3o fortalecidas com recursos de machine learning e intelig\u00eancia artificial para facilitar o acesso, an\u00e1lise e entendimento dos dados.&#8221; content_phone=&#8221;A HDB Systems fornece servi\u00e7os de backup e armazenamento de dados, disaster recovery e migra\u00e7\u00e3o de banco de dados para voc\u00ea gerenciar e armazenar seus dados de forma r\u00e1pida, simples e segura.\n\nNossas solu\u00e7\u00f5es s\u00e3o fortalecidas com recursos de machine learning e intelig\u00eancia artificial para facilitar o acesso, an\u00e1lise e entendimento dos dados.&#8221; content_last_edited=&#8221;on|tablet&#8221; _builder_version=&#8221;4.23&#8243; text_font=&#8221;Mark Pro|300|||||||&#8221; text_text_color=&#8221;#000000&#8243; text_font_size=&#8221;17px&#8221; text_line_height=&#8221;1.5em&#8221; text_orientation=&#8221;justified&#8221; custom_margin=&#8221;90px||||false|false&#8221; global_colors_info=&#8221;{}&#8221; theme_builder_area=&#8221;post_content&#8221;]<p>A HDB Systems fornece servi\u00e7os de backup e armazenamento de dados, disaster recovery e migra\u00e7\u00e3o de banco de dados para voc\u00ea gerenciar e armazenar seus dados de forma r\u00e1pida, simples e segura.<\/p>\n<p>Nossas solu\u00e7\u00f5es s\u00e3o fortalecidas com recursos de machine learning e intelig\u00eancia artificial para facilitar o acesso, an\u00e1lise e entendimento dos dados.<\/p>[\/et_pb_text][et_pb_button button_url=&#8221;https:\/\/hdbsystems.com.br\/index.php\/solucoes-na-nuvem\/&#8221; button_text=&#8221;Saiba Mais&#8221; _builder_version=&#8221;4.16&#8243; _module_preset=&#8221;default&#8221; custom_button=&#8221;on&#8221; button_text_color=&#8221;#26dc73&#8243; button_border_width=&#8221;2px&#8221; button_border_radius=&#8221;76px&#8221; button_font=&#8221;Mark Pro||||||||&#8221; button_icon=&#8221;&#x24;||divi||400&#8243; button_icon_color=&#8221;#26dc73&#8243; global_colors_info=&#8221;{}&#8221; theme_builder_area=&#8221;post_content&#8221;][\/et_pb_button][\/et_pb_column][et_pb_column type=&#8221;1_2&#8243; _builder_version=&#8221;4.16&#8243; global_colors_info=&#8221;{}&#8221; theme_builder_area=&#8221;post_content&#8221;][et_pb_image src=&#8221;https:\/\/hdbsystems.com.br\/wp-content\/uploads\/2025\/03\/36.png&#8221; title_text=&#8221;36&#8243; _builder_version=&#8221;4.23&#8243; _module_preset=&#8221;default&#8221; global_colors_info=&#8221;{}&#8221; theme_builder_area=&#8221;post_content&#8221;][\/et_pb_image][\/et_pb_column][\/et_pb_row][\/et_pb_section][et_pb_section fb_built=&#8221;1&#8243; _builder_version=&#8221;4.23&#8243; _module_preset=&#8221;default&#8221; background_video_mp4=&#8221;https:\/\/hdbsystems.com.br\/wp-content\/uploads\/2023\/10\/fundo-rpa.mp4&#8243; custom_padding=&#8221;0px||0px|||&#8221; global_colors_info=&#8221;{}&#8221; theme_builder_area=&#8221;post_content&#8221;][et_pb_row _builder_version=&#8221;4.23&#8243; _module_preset=&#8221;default&#8221; global_colors_info=&#8221;{}&#8221; theme_builder_area=&#8221;post_content&#8221;][et_pb_column type=&#8221;4_4&#8243; _builder_version=&#8221;4.23&#8243; _module_preset=&#8221;default&#8221; global_colors_info=&#8221;{}&#8221; theme_builder_area=&#8221;post_content&#8221;][et_pb_text _builder_version=&#8221;4.23&#8243; header_font=&#8221;Mark Pro Bold||||||||&#8221; header_text_align=&#8221;left&#8221; header_text_color=&#8221;#FFFFFF&#8221; header_font_size=&#8221;49px&#8221; global_colors_info=&#8221;{}&#8221; theme_builder_area=&#8221;post_content&#8221;]<h1 style=\"text-align: center;\">Captura Inteligente de Dados<\/h1>[\/et_pb_text][et_pb_divider _builder_version=&#8221;4.23&#8243; max_width=&#8221;30%&#8221; module_alignment=&#8221;center&#8221; global_colors_info=&#8221;{}&#8221; theme_builder_area=&#8221;post_content&#8221;][\/et_pb_divider][\/et_pb_column][\/et_pb_row][\/et_pb_section][et_pb_section fb_built=&#8221;1&#8243; _builder_version=&#8221;4.16&#8243; background_enable_color=&#8221;off&#8221; global_colors_info=&#8221;{}&#8221; theme_builder_area=&#8221;post_content&#8221;][et_pb_row column_structure=&#8221;1_2,1_2&#8243; _builder_version=&#8221;4.16&#8243; global_colors_info=&#8221;{}&#8221; theme_builder_area=&#8221;post_content&#8221;][et_pb_column type=&#8221;1_2&#8243; _builder_version=&#8221;4.16&#8243; global_colors_info=&#8221;{}&#8221; theme_builder_area=&#8221;post_content&#8221;][et_pb_image src=&#8221;https:\/\/hdbsystems.com.br\/wp-content\/uploads\/2025\/03\/3.png&#8221; title_text=&#8221;3&#8243; _builder_version=&#8221;4.23&#8243; max_width=&#8221;72%&#8221; module_alignment=&#8221;center&#8221; global_colors_info=&#8221;{}&#8221; theme_builder_area=&#8221;post_content&#8221;][\/et_pb_image][\/et_pb_column][et_pb_column type=&#8221;1_2&#8243; _builder_version=&#8221;4.16&#8243; global_colors_info=&#8221;{}&#8221; theme_builder_area=&#8221;post_content&#8221;][et_pb_text content_tablet=&#8221;Nossos servi\u00e7os de reconhecimento de texto com habilidades cognitivas permitem que processos e fluxos de trabalho complexos sejam executados de forma simples, \u00e1gil e menos propensa a erros.\n\nDocumentos podem ter seus dados classificados, an\u00e1lisados e extra\u00eddos, de qualquer canal de comunica\u00e7\u00e3o e em qualquer formato.&#8221; content_phone=&#8221;Nossos servi\u00e7os de reconhecimento de texto com habilidades cognitivas permitem que processos e fluxos de trabalho complexos sejam executados de forma simples, \u00e1gil e menos propensa a erros.\n\nDocumentos podem ter seus dados classificados, an\u00e1lisados e extra\u00eddos, de qualquer canal de comunica\u00e7\u00e3o e em qualquer formato.&#8221; content_last_edited=&#8221;on|phone&#8221; _builder_version=&#8221;4.23&#8243; text_font=&#8221;Mark Pro|300|||||||&#8221; text_text_color=&#8221;#1d2d24&#8243; text_font_size=&#8221;17px&#8221; text_line_height=&#8221;1.5em&#8221; text_orientation=&#8221;justified&#8221; custom_margin=&#8221;60px||||false|false&#8221; global_colors_info=&#8221;{}&#8221; theme_builder_area=&#8221;post_content&#8221;]<p>Nossos servi\u00e7os de reconhecimento de texto com habilidades cognitivas permitem que processos e fluxos de trabalho complexos sejam executados de forma simples, \u00e1gil e menos propensa a erros.<\/p>\n<p>Documentos podem ter seus dados classificados, an\u00e1lisados e extra\u00eddos, de qualquer canal de comunica\u00e7\u00e3o e em qualquer formato.<\/p>[\/et_pb_text][et_pb_button button_url=&#8221;https:\/\/hdbsystems.com.br\/index.php\/captura-inteligente-de-dados\/&#8221; button_text=&#8221;Saiba Mais&#8221; _builder_version=&#8221;4.16&#8243; custom_button=&#8221;on&#8221; button_text_color=&#8221;#26dc73&#8243; button_border_radius=&#8221;53px&#8221; button_font=&#8221;Mark Pro||||||||&#8221; button_icon=&#8221;&#x24;||divi||400&#8243; button_icon_color=&#8221;#26dc73&#8243; global_colors_info=&#8221;{}&#8221; theme_builder_area=&#8221;post_content&#8221;][\/et_pb_button][\/et_pb_column][\/et_pb_row][\/et_pb_section][et_pb_section fb_built=&#8221;1&#8243; _builder_version=&#8221;4.16&#8243; background_image=&#8221;https:\/\/hdbsystems.com.br\/wp-content\/uploads\/2025\/03\/AdobeStock_edited-scaled-1.jpg&#8221; parallax=&#8221;on&#8221; custom_padding=&#8221;28px||17px|||&#8221; global_colors_info=&#8221;{}&#8221; theme_builder_area=&#8221;post_content&#8221;][et_pb_row column_structure=&#8221;1_2,1_2&#8243; _builder_version=&#8221;4.16&#8243; global_colors_info=&#8221;{}&#8221; theme_builder_area=&#8221;post_content&#8221;][et_pb_column type=&#8221;1_2&#8243; _builder_version=&#8221;4.16&#8243; background_color=&#8221;rgba(0,0,0,0)&#8221; global_colors_info=&#8221;{}&#8221; theme_builder_area=&#8221;post_content&#8221;][et_pb_text _builder_version=&#8221;4.16&#8243; header_font=&#8221;Mark Pro Bold||||||||&#8221; header_text_align=&#8221;left&#8221; header_text_color=&#8221;#ffffff&#8221; header_font_size=&#8221;49px&#8221; global_colors_info=&#8221;{}&#8221; theme_builder_area=&#8221;post_content&#8221;]<h1>Monitoramento<\/h1>[\/et_pb_text][et_pb_divider _builder_version=&#8221;4.16&#8243; global_colors_info=&#8221;{}&#8221; theme_builder_area=&#8221;post_content&#8221;][\/et_pb_divider][et_pb_text content_tablet=&#8221;O monitoramento de infraestrutura de redes captura sinais vitais dos equipamentos e inclui coletas avan\u00e7adas atrav\u00e9s do monitoramento de aplica\u00e7\u00f5es. Alguns exemplos s\u00e3o os switches gerenci\u00e1veis e Virtuais, roteadores, redes de wireless e access points.\n\nNossa Plataforma de Monitoramento \u00e9 composta por Zabbix, Grafana, Elasticsearch e Prometheus. Qualidade e seguran\u00e7a s\u00e3o refletidos devido \u00e0 sua escalabilidade real, desempenho robusto, facilidade de uso e custos de propriedade extremamente baixos.&#8221; content_phone=&#8221;O monitoramento de infraestrutura de redes captura sinais vitais dos equipamentos e inclui coletas avan\u00e7adas atrav\u00e9s do monitoramento de aplica\u00e7\u00f5es. Alguns exemplos s\u00e3o os switches gerenci\u00e1veis e Virtuais, roteadores, redes de wireless e access points.\n\nNossa Plataforma de Monitoramento \u00e9 composta por Zabbix, Grafana, Elasticsearch e Prometheus. Qualidade e seguran\u00e7a s\u00e3o refletidos devido \u00e0 sua escalabilidade real, desempenho robusto, facilidade de uso e custos de propriedade extremamente baixos.&#8221; content_last_edited=&#8221;on|phone&#8221; admin_label=&#8221;Texto&#8221; _builder_version=&#8221;4.17.1&#8243; text_font=&#8221;Mark Pro|300|||||||&#8221; text_text_color=&#8221;#ffffff&#8221; text_font_size=&#8221;17px&#8221; text_line_height=&#8221;1.5em&#8221; text_orientation=&#8221;justified&#8221; global_colors_info=&#8221;{}&#8221; theme_builder_area=&#8221;post_content&#8221;]<p>O monitoramento de infraestrutura de redes captura sinais vitais dos equipamentos e inclui coletas avan\u00e7adas atrav\u00e9s do monitoramento de aplica\u00e7\u00f5es. Alguns exemplos s\u00e3o os switches gerenci\u00e1veis e Virtuais, roteadores, redes de wireless e access points.<\/p>\n<p>Nossa Plataforma de Monitoramento \u00e9 composta por Zabbix, Grafana, Elasticsearch e Prometheus. Qualidade e seguran\u00e7a s\u00e3o refletidos devido \u00e0 sua escalabilidade real, desempenho robusto, facilidade de uso e custos de propriedade extremamente baixos.<\/p>[\/et_pb_text][et_pb_button button_text=&#8221;Contato&#8221; _builder_version=&#8221;4.27.0&#8243; custom_button=&#8221;on&#8221; button_text_color=&#8221;#26dc73&#8243; button_border_color=&#8221;#26dc73&#8243; button_border_radius=&#8221;62px&#8221; button_font=&#8221;Mark Pro||||||||&#8221; button_icon=&#8221;&#x24;||divi||400&#8243; button_icon_color=&#8221;#26dc73&#8243; global_colors_info=&#8221;{}&#8221; theme_builder_area=&#8221;post_content&#8221;][\/et_pb_button][\/et_pb_column][et_pb_column type=&#8221;1_2&#8243; _builder_version=&#8221;4.16&#8243; global_colors_info=&#8221;{}&#8221; theme_builder_area=&#8221;post_content&#8221;][\/et_pb_column][\/et_pb_row][\/et_pb_section]\n","protected":false},"excerpt":{"rendered":"<p>Transforma\u00e7\u00e3o DigitalA HDB Systems oferece solu\u00e7\u00f5es para alavancar a transforma\u00e7\u00e3o digital na sua empresa. Atrav\u00e9s do uso da intelig\u00eancia artificial e aprendizado de m\u00e1quina, tornamos poss\u00edvel que os processos empresariais sejam mais eficientes, r\u00e1pidos e seguros. Nossas solu\u00e7\u00f5es de Armazenamento em Nuvem, Captura Inteligente de Dados e RPA (Robotic Process Automation) s\u00e3o a pe\u00e7a digital [&hellip;]<\/p>\n","protected":false},"author":1,"featured_media":0,"parent":0,"menu_order":0,"comment_status":"closed","ping_status":"closed","template":"","meta":{"_et_pb_use_builder":"on","_et_pb_old_content":"","_et_gb_content_width":"","footnotes":""},"class_list":["post-7751","page","type-page","status-publish","hentry"],"_links":{"self":[{"href":"https:\/\/hdbsystems.com.br\/index.php\/wp-json\/wp\/v2\/pages\/7751","targetHints":{"allow":["GET"]}}],"collection":[{"href":"https:\/\/hdbsystems.com.br\/index.php\/wp-json\/wp\/v2\/pages"}],"about":[{"href":"https:\/\/hdbsystems.com.br\/index.php\/wp-json\/wp\/v2\/types\/page"}],"author":[{"embeddable":true,"href":"https:\/\/hdbsystems.com.br\/index.php\/wp-json\/wp\/v2\/users\/1"}],"replies":[{"embeddable":true,"href":"https:\/\/hdbsystems.com.br\/index.php\/wp-json\/wp\/v2\/comments?post=7751"}],"version-history":[{"count":3,"href":"https:\/\/hdbsystems.com.br\/index.php\/wp-json\/wp\/v2\/pages\/7751\/revisions"}],"predecessor-version":[{"id":7779,"href":"https:\/\/hdbsystems.com.br\/index.php\/wp-json\/wp\/v2\/pages\/7751\/revisions\/7779"}],"wp:attachment":[{"href":"https:\/\/hdbsystems.com.br\/index.php\/wp-json\/wp\/v2\/media?parent=7751"}],"curies":[{"name":"wp","href":"https:\/\/api.w.org\/{rel}","templated":true}]}}