{"id":7844,"date":"2025-03-26T11:47:31","date_gmt":"2025-03-26T14:47:31","guid":{"rendered":"https:\/\/hdbsystems.com.br\/?page_id=7844"},"modified":"2025-03-26T11:47:31","modified_gmt":"2025-03-26T14:47:31","slug":"framework-hdb","status":"publish","type":"page","link":"https:\/\/hdbsystems.com.br\/index.php\/framework-hdb\/","title":{"rendered":"Framework HDB"},"content":{"rendered":"<p>[et_pb_section fb_built=&#8221;1&#8243; _builder_version=&#8221;4.24.2&#8243; _module_preset=&#8221;default&#8221; background_image=&#8221;https:\/\/hdbsystems.com.br\/wp-content\/uploads\/2025\/03\/fundo.png&#8221; parallax=&#8221;on&#8221; custom_padding=&#8221;167px||42px|||&#8221; global_colors_info=&#8221;{}&#8221; theme_builder_area=&#8221;post_content&#8221;][et_pb_row column_structure=&#8221;1_2,1_2&#8243; _builder_version=&#8221;4.24.2&#8243; _module_preset=&#8221;default&#8221; global_colors_info=&#8221;{}&#8221; theme_builder_area=&#8221;post_content&#8221;][et_pb_column type=&#8221;1_2&#8243; _builder_version=&#8221;4.24.2&#8243; _module_preset=&#8221;default&#8221; global_colors_info=&#8221;{}&#8221; theme_builder_area=&#8221;post_content&#8221;][et_pb_text _builder_version=&#8221;4.24.2&#8243; _module_preset=&#8221;default&#8221; text_font_size=&#8221;17px&#8221; text_line_height=&#8221;1.5em&#8221; header_2_line_height=&#8221;1.3em&#8221; header_3_font=&#8221;Mark Pro Light|||on|||||&#8221; header_3_text_color=&#8221;#26dc73&#8243; header_3_font_size=&#8221;20px&#8221; global_colors_info=&#8221;{}&#8221; theme_builder_area=&#8221;post_content&#8221;]<\/p>\n<h3><span style=\"font-weight: 400;\"><\/span>FRAMEWORK HDB<\/h3>\n<h2><b>Libere o poder da automa\u00e7\u00e3o em escala com nosso modelo <span style=\"color: #26dc73;\">inovador<\/span> e <span style=\"color: #26dc73;\">multiplataforma<\/span>.<\/b><\/h2>\n<p><span style=\"font-weight: 400;\">Implemente automa\u00e7\u00f5es escal\u00e1veis com o Framework HDB, um modelo de automa\u00e7\u00e3o pronto para uso e de f\u00e1cil implementa\u00e7\u00e3o.<\/span><\/p>\n<p><span style=\"font-weight: 400;\">Entenda como o nosso modelo funciona com este overview que preparamos!<\/span><\/p>\n<p><span style=\"font-weight: 400;\"><\/span><\/p>\n<p>[\/et_pb_text][et_pb_button button_url=&#8221;https:\/\/www.youtube.com\/watch?v=Kay3KNo0d_U&#8221; button_text=&#8221;Assistir o overview&#8221; _builder_version=&#8221;4.24.2&#8243; _module_preset=&#8221;default&#8221; custom_button=&#8221;on&#8221; button_text_color=&#8221;#ffffff&#8221; button_bg_color=&#8221;#26dc73&#8243; button_border_radius=&#8221;28px&#8221; button_icon=&#8221;&#x49;||divi||400&#8243; button_icon_color=&#8221;#e0e0e0&#8243; custom_margin=&#8221;-30px|||||&#8221; global_colors_info=&#8221;{}&#8221; theme_builder_area=&#8221;post_content&#8221;][\/et_pb_button][\/et_pb_column][et_pb_column type=&#8221;1_2&#8243; _builder_version=&#8221;4.24.2&#8243; _module_preset=&#8221;default&#8221; global_colors_info=&#8221;{}&#8221; theme_builder_area=&#8221;post_content&#8221;][et_pb_image src=&#8221;https:\/\/hdbsystems.com.br\/wp-content\/uploads\/2025\/03\/7-1.png&#8221; title_text=&#8221;7&#8243; _builder_version=&#8221;4.24.2&#8243; _module_preset=&#8221;default&#8221; max_width=&#8221;85%&#8221; module_alignment=&#8221;center&#8221; min_height=&#8221;305px&#8221; max_height=&#8221;712px&#8221; custom_margin=&#8221;-45px||||false|false&#8221; global_colors_info=&#8221;{}&#8221; theme_builder_area=&#8221;post_content&#8221;][\/et_pb_image][\/et_pb_column][\/et_pb_row][\/et_pb_section][et_pb_section fb_built=&#8221;1&#8243; _builder_version=&#8221;4.24.2&#8243; _module_preset=&#8221;default&#8221; background_color=&#8221;#063568&#8243; global_colors_info=&#8221;{}&#8221; theme_builder_area=&#8221;post_content&#8221;][et_pb_row _builder_version=&#8221;4.24.2&#8243; _module_preset=&#8221;default&#8221; global_colors_info=&#8221;{}&#8221; theme_builder_area=&#8221;post_content&#8221;][et_pb_column type=&#8221;4_4&#8243; _builder_version=&#8221;4.24.2&#8243; _module_preset=&#8221;default&#8221; global_colors_info=&#8221;{}&#8221; theme_builder_area=&#8221;post_content&#8221;][et_pb_text _builder_version=&#8221;4.24.2&#8243; _module_preset=&#8221;default&#8221; header_2_text_align=&#8221;center&#8221; header_2_text_color=&#8221;#ffffff&#8221; header_2_text_shadow_style=&#8221;preset1&#8243; global_colors_info=&#8221;{}&#8221; theme_builder_area=&#8221;post_content&#8221;]<\/p>\n<h2>Assista um <span style=\"color: #26dc73;\">overview completo<\/span> do nosso Framework HDB<\/h2>\n<p>[\/et_pb_text][\/et_pb_column][\/et_pb_row][et_pb_row _builder_version=&#8221;4.24.2&#8243; _module_preset=&#8221;default&#8221; global_colors_info=&#8221;{}&#8221; theme_builder_area=&#8221;post_content&#8221;][et_pb_column type=&#8221;4_4&#8243; _builder_version=&#8221;4.24.2&#8243; _module_preset=&#8221;default&#8221; global_colors_info=&#8221;{}&#8221; theme_builder_area=&#8221;post_content&#8221;][et_pb_video src=&#8221;https:\/\/www.youtube.com\/watch?v=Kay3KNo0d_U&#8221; _builder_version=&#8221;4.24.2&#8243; _module_preset=&#8221;default&#8221; global_colors_info=&#8221;{}&#8221; theme_builder_area=&#8221;post_content&#8221;][\/et_pb_video][\/et_pb_column][\/et_pb_row][et_pb_row _builder_version=&#8221;4.24.2&#8243; _module_preset=&#8221;default&#8221; global_colors_info=&#8221;{}&#8221; theme_builder_area=&#8221;post_content&#8221;][et_pb_column type=&#8221;4_4&#8243; _builder_version=&#8221;4.24.2&#8243; _module_preset=&#8221;default&#8221; global_colors_info=&#8221;{}&#8221; theme_builder_area=&#8221;post_content&#8221;][et_pb_button button_url=&#8221;https:\/\/docs.google.com\/forms\/d\/e\/1FAIpQLScStYi7c3Q1ozu3JnDkqHGpN2ocyMGVCyf3lDkhookzahfu7A\/viewform?usp=sf_link&#8221; url_new_window=&#8221;on&#8221; button_text=&#8221;Tenha acesso ao guia completo do Framework HDB&#8221; button_alignment=&#8221;center&#8221; _builder_version=&#8221;4.24.2&#8243; _module_preset=&#8221;default&#8221; custom_button=&#8221;on&#8221; button_text_color=&#8221;#ffffff&#8221; button_bg_color=&#8221;#26dc73&#8243; button_border_width=&#8221;0px&#8221; button_icon=&#8221;&#x49;||divi||400&#8243; custom_padding=&#8221;|293px||293px|false|true&#8221; button_text_shadow_style=&#8221;preset3&#8243; box_shadow_style=&#8221;preset3&#8243; global_colors_info=&#8221;{}&#8221; theme_builder_area=&#8221;post_content&#8221;][\/et_pb_button][\/et_pb_column][\/et_pb_row][\/et_pb_section][et_pb_section fb_built=&#8221;1&#8243; _builder_version=&#8221;4.24.2&#8243; _module_preset=&#8221;default&#8221; background_enable_color=&#8221;off&#8221; background_enable_image=&#8221;off&#8221; parallax=&#8221;on&#8221; background_blend=&#8221;multiply&#8221; custom_padding=&#8221;75px||119px|||&#8221; global_colors_info=&#8221;{}&#8221; theme_builder_area=&#8221;post_content&#8221;][et_pb_row _builder_version=&#8221;4.24.2&#8243; _module_preset=&#8221;default&#8221; custom_padding=&#8221;||0px|||&#8221; global_colors_info=&#8221;{}&#8221; theme_builder_area=&#8221;post_content&#8221;][et_pb_column type=&#8221;4_4&#8243; _builder_version=&#8221;4.24.2&#8243; _module_preset=&#8221;default&#8221; global_colors_info=&#8221;{}&#8221; theme_builder_area=&#8221;post_content&#8221;][et_pb_text _builder_version=&#8221;4.24.2&#8243; _module_preset=&#8221;default&#8221; global_colors_info=&#8221;{}&#8221; theme_builder_area=&#8221;post_content&#8221;]<\/p>\n<h1 style=\"text-align: center;\">Porque o Framework \u00e9 <span style=\"color: #26dc73;\">inovador<\/span>?<\/h1>\n<p>[\/et_pb_text][et_pb_divider _builder_version=&#8221;4.24.2&#8243; _module_preset=&#8221;default&#8221; max_width=&#8221;30%&#8221; module_alignment=&#8221;center&#8221; global_colors_info=&#8221;{}&#8221; theme_builder_area=&#8221;post_content&#8221;][\/et_pb_divider][\/et_pb_column][\/et_pb_row][et_pb_row column_structure=&#8221;1_3,1_3,1_3&#8243; _builder_version=&#8221;4.24.2&#8243; _module_preset=&#8221;default&#8221; global_colors_info=&#8221;{}&#8221; theme_builder_area=&#8221;post_content&#8221;][et_pb_column type=&#8221;1_3&#8243; _builder_version=&#8221;4.24.2&#8243; _module_preset=&#8221;default&#8221; global_colors_info=&#8221;{}&#8221; theme_builder_area=&#8221;post_content&#8221;][et_pb_toggle title=&#8221;Centraliza\u00e7\u00e3o da gest\u00e3o de automa\u00e7\u00e3o&#8221; open_toggle_text_color=&#8221;#FFFFFF&#8221; icon_color=&#8221;#26dc73&#8243; toggle_icon=&#8221;&#xf055;||fa||900&#8243; _builder_version=&#8221;4.24.2&#8243; _module_preset=&#8221;default&#8221; title_text_color=&#8221;#FFFFFF&#8221; body_text_color=&#8221;#ffffff&#8221; background_color=&#8221;#063568&#8243; border_radii=&#8221;on|20px|20px|20px|20px&#8221; box_shadow_style=&#8221;preset1&#8243; global_colors_info=&#8221;{}&#8221; theme_builder_area=&#8221;post_content&#8221;]<\/p>\n<p><span style=\"font-weight: 400;\">A plataforma fornece uma \u00fanica interface para gerenciar todos os seus bots de RPA, independentemente da plataforma em que eles estejam rodando. Isso facilita o acompanhamento do progresso das automa\u00e7\u00f5es e a identifica\u00e7\u00e3o de \u00e1reas que podem ser otimizadas.<\/span><\/p>\n<p>[\/et_pb_toggle][et_pb_toggle title=&#8221;Padroniza\u00e7\u00e3o das informa\u00e7\u00f5es&#8221; open_toggle_text_color=&#8221;#FFFFFF&#8221; icon_color=&#8221;#26dc73&#8243; toggle_icon=&#8221;&#xf055;||fa||900&#8243; _builder_version=&#8221;4.24.2&#8243; _module_preset=&#8221;default&#8221; title_text_color=&#8221;#FFFFFF&#8221; body_text_color=&#8221;#ffffff&#8221; background_color=&#8221;#063568&#8243; border_radii=&#8221;on|20px|20px|20px|20px&#8221; box_shadow_style=&#8221;preset1&#8243; global_colors_info=&#8221;{}&#8221; theme_builder_area=&#8221;post_content&#8221;]<\/p>\n<p><span style=\"font-weight: 400;\">A plataforma garante que todas as informa\u00e7\u00f5es relacionadas \u00e0s suas automa\u00e7\u00f5es sejam armazenadas em um \u00fanico local, o que facilita o acesso e a an\u00e1lise. Isso tamb\u00e9m ajuda a garantir que todos os bots estejam usando as mesmas informa\u00e7\u00f5es, o que pode melhorar a efici\u00eancia e a precis\u00e3o das automa\u00e7\u00f5es.<\/span><\/p>\n<p>[\/et_pb_toggle][et_pb_toggle title=&#8221;Modelo pronto para uso&#8221; open_toggle_text_color=&#8221;#FFFFFF&#8221; icon_color=&#8221;#26dc73&#8243; toggle_icon=&#8221;&#xf055;||fa||900&#8243; _builder_version=&#8221;4.24.2&#8243; _module_preset=&#8221;default&#8221; title_text_color=&#8221;#FFFFFF&#8221; body_text_color=&#8221;#ffffff&#8221; background_color=&#8221;#063568&#8243; border_radii=&#8221;on|20px|20px|20px|20px&#8221; box_shadow_style=&#8221;preset1&#8243; global_colors_info=&#8221;{}&#8221; theme_builder_area=&#8221;post_content&#8221;]<\/p>\n<p><span style=\"font-weight: 400;\">\u00a0A plataforma vem com um modelo pronto para uso que pode ser usado para automatizar tarefas comuns. Isso pode economizar tempo e recursos, pois voc\u00ea n\u00e3o precisa criar seus pr\u00f3prios bots do zero.<\/span><\/p>\n<p>[\/et_pb_toggle][\/et_pb_column][et_pb_column type=&#8221;1_3&#8243; _builder_version=&#8221;4.24.2&#8243; _module_preset=&#8221;default&#8221; global_colors_info=&#8221;{}&#8221; theme_builder_area=&#8221;post_content&#8221;][et_pb_toggle title=&#8221;Vis\u00e3o geral dos itens e seus status&#8221; open_toggle_text_color=&#8221;#FFFFFF&#8221; icon_color=&#8221;#26dc73&#8243; toggle_icon=&#8221;&#xf055;||fa||900&#8243; _builder_version=&#8221;4.24.2&#8243; _module_preset=&#8221;default&#8221; title_text_color=&#8221;#FFFFFF&#8221; body_text_color=&#8221;#ffffff&#8221; background_color=&#8221;#063568&#8243; border_radii=&#8221;on|20px|20px|20px|20px&#8221; box_shadow_style=&#8221;preset1&#8243; global_colors_info=&#8221;{}&#8221; theme_builder_area=&#8221;post_content&#8221;]<\/p>\n<p><span style=\"font-weight: 400;\">A plataforma fornece uma vis\u00e3o geral de todos os seus bots de RPA, incluindo seu status atual. Isso facilita a identifica\u00e7\u00e3o de bots que est\u00e3o em execu\u00e7\u00e3o, parados ou com erros.<\/span><\/p>\n<p>[\/et_pb_toggle][et_pb_toggle title=&#8221;Captura de screenshots de erros&#8221; open_toggle_text_color=&#8221;#FFFFFF&#8221; icon_color=&#8221;#26dc73&#8243; toggle_icon=&#8221;&#xf055;||fa||900&#8243; _builder_version=&#8221;4.24.2&#8243; _module_preset=&#8221;default&#8221; title_text_color=&#8221;#FFFFFF&#8221; body_text_color=&#8221;#ffffff&#8221; background_color=&#8221;#063568&#8243; border_radii=&#8221;on|20px|20px|20px|20px&#8221; box_shadow_style=&#8221;preset1&#8243; global_colors_info=&#8221;{}&#8221; theme_builder_area=&#8221;post_content&#8221;]<\/p>\n<p><span style=\"font-weight: 400;\">A plataforma pode capturar screenshots de erros que ocorrem durante a execu\u00e7\u00e3o dos bots. <\/span><span style=\"font-weight: 400;\">Isso pode ajudar a identificar a causa dos erros e corrigi-los rapidamente.<\/span><\/p>\n<p>[\/et_pb_toggle][et_pb_toggle title=&#8221;Grava\u00e7\u00e3o completa dos fluxos e suas atualiza\u00e7\u00f5es&#8221; open_toggle_text_color=&#8221;#FFFFFF&#8221; icon_color=&#8221;#26dc73&#8243; toggle_icon=&#8221;&#xf055;||fa||900&#8243; _builder_version=&#8221;4.24.2&#8243; _module_preset=&#8221;default&#8221; title_text_color=&#8221;#FFFFFF&#8221; body_text_color=&#8221;#ffffff&#8221; background_color=&#8221;#063568&#8243; border_radii=&#8221;on|20px|20px|20px|20px&#8221; box_shadow_style=&#8221;preset1&#8243; global_colors_info=&#8221;{}&#8221; theme_builder_area=&#8221;post_content&#8221;]<\/p>\n<p><span style=\"font-weight: 400;\">A plataforma grava todo o hist\u00f3rico de altera\u00e7\u00f5es feitas nos seus bots de RPA. Isso facilita o acompanhamento das mudan\u00e7as e a restaura\u00e7\u00e3o de uma ver<\/span><span style=\"font-weight: 400;\">s\u00e3o anterior de um bot, se necess\u00e1rio.<\/span><\/p>\n<p>[\/et_pb_toggle][\/et_pb_column][et_pb_column type=&#8221;1_3&#8243; _builder_version=&#8221;4.24.2&#8243; _module_preset=&#8221;default&#8221; global_colors_info=&#8221;{}&#8221; theme_builder_area=&#8221;post_content&#8221;][et_pb_toggle title=&#8221;Acesso a diferentes fluxos na mesma p\u00e1gina&#8221; open_toggle_text_color=&#8221;#FFFFFF&#8221; icon_color=&#8221;#26dc73&#8243; toggle_icon=&#8221;&#xf055;||fa||900&#8243; _builder_version=&#8221;4.24.2&#8243; _module_preset=&#8221;default&#8221; title_text_color=&#8221;#FFFFFF&#8221; body_text_color=&#8221;#ffffff&#8221; background_color=&#8221;#063568&#8243; border_radii=&#8221;on|20px|20px|20px|20px&#8221; box_shadow_style=&#8221;preset1&#8243; global_colors_info=&#8221;{}&#8221; theme_builder_area=&#8221;post_content&#8221;]<\/p>\n<p><span style=\"font-weight: 400;\">A plataforma permite que voc\u00ea acesse v\u00e1rios fluxos de automa\u00e7\u00e3o em uma \u00fanica p\u00e1gina. Isso facilita a alternar entre diferentes fluxos e monitorar seu progresso.<\/span><\/p>\n<p>[\/et_pb_toggle][et_pb_toggle title=&#8221;Detalhes atualizados em tempo real&#8221; open_toggle_text_color=&#8221;#FFFFFF&#8221; icon_color=&#8221;#26dc73&#8243; toggle_icon=&#8221;&#xf055;||fa||900&#8243; _builder_version=&#8221;4.24.2&#8243; _module_preset=&#8221;default&#8221; title_text_color=&#8221;#FFFFFF&#8221; body_text_color=&#8221;#ffffff&#8221; background_color=&#8221;#063568&#8243; border_radii=&#8221;on|20px|20px|20px|20px&#8221; box_shadow_style=&#8221;preset1&#8243; global_colors_info=&#8221;{}&#8221; theme_builder_area=&#8221;post_content&#8221;]<\/p>\n<p><span style=\"font-weight: 400;\">\u00a0A plataforma fornece detalhes atualizados em tempo real sobre o status das suas automa\u00e7\u00f5es. Isso significa que voc\u00ea sempre ter\u00e1 acesso \u00e0s informa\u00e7\u00f5es mais recentes sobre o desempenho dos seus bots.<\/span><\/p>\n<p>[\/et_pb_toggle][et_pb_toggle title=&#8221;Retry autom\u00e1tico&#8221; open_toggle_text_color=&#8221;#FFFFFF&#8221; icon_color=&#8221;#26dc73&#8243; toggle_icon=&#8221;&#xf055;||fa||900&#8243; _builder_version=&#8221;4.24.2&#8243; _module_preset=&#8221;default&#8221; title_text_color=&#8221;#FFFFFF&#8221; body_text_color=&#8221;#ffffff&#8221; background_color=&#8221;#063568&#8243; border_radii=&#8221;on|20px|20px|20px|20px&#8221; box_shadow_style=&#8221;preset1&#8243; global_colors_info=&#8221;{}&#8221; theme_builder_area=&#8221;post_content&#8221;]<\/p>\n<p><span style=\"font-weight: 400;\">A plataforma pode automaticamente tentar executar novamente bots que falharam. Isso pode ajudar a garantir que as tarefas sejam conclu\u00eddas mesmo que ocorram erros.<\/span><\/p>\n<p>[\/et_pb_toggle][\/et_pb_column][\/et_pb_row][\/et_pb_section][et_pb_section fb_built=&#8221;1&#8243; next_background_color=&#8221;#ffffff&#8221; _builder_version=&#8221;4.24.2&#8243; _module_preset=&#8221;default&#8221; background_color=&#8221;#063568&#8243; custom_padding=&#8221;||110px|||&#8221; bottom_divider_style=&#8221;arrow&#8221; global_colors_info=&#8221;{}&#8221; theme_builder_area=&#8221;post_content&#8221;][et_pb_row _builder_version=&#8221;4.24.2&#8243; _module_preset=&#8221;default&#8221; global_colors_info=&#8221;{}&#8221; theme_builder_area=&#8221;post_content&#8221;][et_pb_column type=&#8221;4_4&#8243; _builder_version=&#8221;4.24.2&#8243; _module_preset=&#8221;default&#8221; global_colors_info=&#8221;{}&#8221; theme_builder_area=&#8221;post_content&#8221;][et_pb_text _builder_version=&#8221;4.24.2&#8243; _module_preset=&#8221;default&#8221; header_text_color=&#8221;#e0e0e0&#8243; global_colors_info=&#8221;{}&#8221; theme_builder_area=&#8221;post_content&#8221;]<\/p>\n<h1 style=\"text-align: center;\">Entenda como funciona o Framework HDB<\/h1>\n<p>[\/et_pb_text][\/et_pb_column][\/et_pb_row][et_pb_row _builder_version=&#8221;4.24.2&#8243; _module_preset=&#8221;default&#8221; global_colors_info=&#8221;{}&#8221; theme_builder_area=&#8221;post_content&#8221;][et_pb_column type=&#8221;4_4&#8243; _builder_version=&#8221;4.24.2&#8243; _module_preset=&#8221;default&#8221; global_colors_info=&#8221;{}&#8221; theme_builder_area=&#8221;post_content&#8221;][et_pb_image src=&#8221;https:\/\/hdbsystems.com.br\/wp-content\/uploads\/2025\/03\/AA-HDB-Framework_v1.drawio-1-1-copiar-scaled-1.gif&#8221; title_text=&#8221;AA &#8211; HDB Framework_v1.drawio 1 (1) copiar&#8221; _builder_version=&#8221;4.24.2&#8243; _module_preset=&#8221;default&#8221; global_colors_info=&#8221;{}&#8221; theme_builder_area=&#8221;post_content&#8221;][\/et_pb_image][\/et_pb_column][\/et_pb_row][\/et_pb_section][et_pb_section fb_built=&#8221;1&#8243; _builder_version=&#8221;4.24.2&#8243; _module_preset=&#8221;default&#8221; global_colors_info=&#8221;{}&#8221; theme_builder_area=&#8221;post_content&#8221;][et_pb_row _builder_version=&#8221;4.24.2&#8243; _module_preset=&#8221;default&#8221; global_colors_info=&#8221;{}&#8221; theme_builder_area=&#8221;post_content&#8221;][et_pb_column type=&#8221;4_4&#8243; _builder_version=&#8221;4.24.2&#8243; _module_preset=&#8221;default&#8221; global_colors_info=&#8221;{}&#8221; theme_builder_area=&#8221;post_content&#8221;][et_pb_text _builder_version=&#8221;4.24.2&#8243; _module_preset=&#8221;default&#8221; text_font=&#8221;|800|||||||&#8221; text_text_color=&#8221;#26DC73&#8243; text_font_size=&#8221;17px&#8221; text_line_height=&#8221;2.8em&#8221; header_3_line_height=&#8221;1.3em&#8221; global_colors_info=&#8221;{}&#8221; theme_builder_area=&#8221;post_content&#8221;]<\/p>\n<p>CONTROLE ABSOLUTO<\/p>\n<h3>Com o Framework HDB voc\u00ea possui acesso \u00e0 todas as informa\u00e7\u00f5es cruciais de seus bots e automa\u00e7\u00f5es.<\/h3>\n<p>[\/et_pb_text][et_pb_icon font_icon=&#8221;&#x37;||divi||400&#8243; align=&#8221;left&#8221; _builder_version=&#8221;4.24.2&#8243; _module_preset=&#8221;default&#8221; animation_style=&#8221;bounce&#8221; animation_direction=&#8221;top&#8221; global_colors_info=&#8221;{}&#8221; theme_builder_area=&#8221;post_content&#8221;][\/et_pb_icon][\/et_pb_column][\/et_pb_row][et_pb_row _builder_version=&#8221;4.24.2&#8243; _module_preset=&#8221;default&#8221; global_colors_info=&#8221;{}&#8221; theme_builder_area=&#8221;post_content&#8221;][et_pb_column type=&#8221;4_4&#8243; _builder_version=&#8221;4.24.2&#8243; _module_preset=&#8221;default&#8221; global_colors_info=&#8221;{}&#8221; theme_builder_area=&#8221;post_content&#8221;][et_pb_slider arrows_custom_color=&#8221;#26DC73&#8243; dot_nav_custom_color=&#8221;#26DC73&#8243; _builder_version=&#8221;4.24.2&#8243; _module_preset=&#8221;default&#8221; width=&#8221;100%&#8221; max_width=&#8221;100%&#8221; module_alignment=&#8221;center&#8221; content_max_width=&#8221;100%&#8221; custom_margin=&#8221;||||false|true&#8221; custom_padding=&#8221;||||false|true&#8221; border_radii=&#8221;on|20px|20px|20px|20px&#8221; border_width_all=&#8221;3px&#8221; border_color_all=&#8221;#26DC73&#8243; box_shadow_style_image=&#8221;preset1&#8243; global_colors_info=&#8221;{}&#8221; theme_builder_area=&#8221;post_content&#8221;][et_pb_slide heading=&#8221;P\u00e1gina de Overview&#8221; image=&#8221;https:\/\/hdbsystems.com.br\/wp-content\/uploads\/2025\/03\/dashboard-overview.png&#8221; use_bg_overlay=&#8221;off&#8221; use_text_overlay=&#8221;off&#8221; arrows_custom_color=&#8221;#26DC73&#8243; dot_nav_custom_color=&#8221;#26DC73&#8243; _builder_version=&#8221;4.24.2&#8243; _module_preset=&#8221;default&#8221; background_color=&#8221;#063568&#8243; background_enable_color=&#8221;on&#8221; width=&#8221;100%&#8221; max_width=&#8221;100%&#8221; custom_padding=&#8221;|7px||7px|false|true&#8221; border_radii_image=&#8221;on|20px|20px|20px|20px&#8221; box_shadow_style_image=&#8221;preset1&#8243; global_colors_info=&#8221;{}&#8221; sticky_transition=&#8221;on&#8221; theme_builder_area=&#8221;post_content&#8221;]<\/p>\n<p><span style=\"font-weight: 400;\">Mostra o n\u00famero de itens dentro do datapool em cada estado: new, in processing, abandoned, retried, failed e finished successfully. Al\u00e9m disso, mostra o n\u00famero de processos Produtor\/Consumidor sendo executados no momento, juntamente ao n\u00famero de itens sendo produzidos e consumidos por minuto. Tamb\u00e9m h\u00e1 dois gr\u00e1ficos que nos mostram o n\u00famero de itens produzidos e consumidos a cada determinado per\u00edodo de tempo (a cada 5 min, a cada hora, etc).<\/span><\/p>\n<p>[\/et_pb_slide][et_pb_slide heading=&#8221;P\u00e1gina Bot executions&#8221; image=&#8221;https:\/\/hdbsystems.com.br\/wp-content\/uploads\/2025\/03\/dashboard-bot-executions.png&#8221; arrows_custom_color=&#8221;#26DC73&#8243; dot_nav_custom_color=&#8221;#26DC73&#8243; _builder_version=&#8221;4.24.2&#8243; _module_preset=&#8221;default&#8221; background_color=&#8221;#063568&#8243; background_enable_color=&#8221;on&#8221; border_radii_image=&#8221;on|20px|20px|20px|20px&#8221; box_shadow_style_image=&#8221;preset1&#8243; global_colors_info=&#8221;{}&#8221; sticky_transition=&#8221;on&#8221; theme_builder_area=&#8221;post_content&#8221;]<\/p>\n<p><span style=\"font-weight: 400;\">Mostra informa\u00e7\u00f5es referentes a cada execu\u00e7\u00e3o de processo. Para cada execu\u00e7\u00e3o, h\u00e1 um ID, o nome da automa\u00e7\u00e3o, a plataforma em que bot est\u00e1 instanciado, nome do bot, o seu tipo (Produtor ou Consumidor), n\u00famero de linhas produzidas, consumidas e retentadas, URL para a grava\u00e7\u00e3o da execu\u00e7\u00e3o completa (caso tenha sido gravada), tipo de erro e sua mensagem referente (caso tenha acontecido), al\u00e9m de datas de in\u00edcio e fim da grava\u00e7\u00e3o e da data da \u00faltima atualiza\u00e7\u00e3o dessa execu\u00e7\u00e3o.<\/span><\/p>\n<p>[\/et_pb_slide][et_pb_slide heading=&#8221;P\u00e1gina Queue Items&#8221; image=&#8221;https:\/\/hdbsystems.com.br\/wp-content\/uploads\/2025\/03\/dashboard-queue-items.png&#8221; _builder_version=&#8221;4.24.2&#8243; _module_preset=&#8221;default&#8221; background_color=&#8221;#063568&#8243; background_enable_color=&#8221;on&#8221; border_radii_image=&#8221;on|20px|20px|20px|20px&#8221; box_shadow_style_image=&#8221;preset1&#8243; global_colors_info=&#8221;{}&#8221; sticky_transition=&#8221;on&#8221; theme_builder_area=&#8221;post_content&#8221;]<\/p>\n<p><span style=\"font-weight: 400;\">Mostra informa\u00e7\u00f5es referentes aos itens espec\u00edficos do datapool. Para cada item, h\u00e1 um ID, o n\u00famero da retentativa daquele item, o nome da automa\u00e7\u00e3o a qual ele pertence, o nome do bot que o produziu e a data em que foi produzido, o bot que o consumiu e a data em que foi consumido, o status (new, processing, abandoned, retried, failed, successfully), URL para o v\u00eddeo do processamento dele caso tenha sido gravado, tipo, mensagem e screenshot do erro, e a data da \u00faltima atualiza\u00e7\u00e3o desse item.<\/span><\/p>\n<p>[\/et_pb_slide][\/et_pb_slider][\/et_pb_column][\/et_pb_row][\/et_pb_section]<\/p>\n","protected":false},"excerpt":{"rendered":"<p>FRAMEWORK HDB Libere o poder da automa\u00e7\u00e3o em escala com nosso modelo inovador e multiplataforma. Implemente automa\u00e7\u00f5es escal\u00e1veis com o Framework HDB, um modelo de automa\u00e7\u00e3o pronto para uso e de f\u00e1cil implementa\u00e7\u00e3o. Entenda como o nosso modelo funciona com este overview que preparamos! Assista um overview completo do nosso Framework HDBPorque o Framework \u00e9 [&hellip;]<\/p>\n","protected":false},"author":1,"featured_media":0,"parent":0,"menu_order":0,"comment_status":"closed","ping_status":"closed","template":"","meta":{"_et_pb_use_builder":"on","_et_pb_old_content":"","_et_gb_content_width":"","footnotes":""},"class_list":["post-7844","page","type-page","status-publish","hentry"],"_links":{"self":[{"href":"https:\/\/hdbsystems.com.br\/index.php\/wp-json\/wp\/v2\/pages\/7844","targetHints":{"allow":["GET"]}}],"collection":[{"href":"https:\/\/hdbsystems.com.br\/index.php\/wp-json\/wp\/v2\/pages"}],"about":[{"href":"https:\/\/hdbsystems.com.br\/index.php\/wp-json\/wp\/v2\/types\/page"}],"author":[{"embeddable":true,"href":"https:\/\/hdbsystems.com.br\/index.php\/wp-json\/wp\/v2\/users\/1"}],"replies":[{"embeddable":true,"href":"https:\/\/hdbsystems.com.br\/index.php\/wp-json\/wp\/v2\/comments?post=7844"}],"version-history":[{"count":2,"href":"https:\/\/hdbsystems.com.br\/index.php\/wp-json\/wp\/v2\/pages\/7844\/revisions"}],"predecessor-version":[{"id":7851,"href":"https:\/\/hdbsystems.com.br\/index.php\/wp-json\/wp\/v2\/pages\/7844\/revisions\/7851"}],"wp:attachment":[{"href":"https:\/\/hdbsystems.com.br\/index.php\/wp-json\/wp\/v2\/media?parent=7844"}],"curies":[{"name":"wp","href":"https:\/\/api.w.org\/{rel}","templated":true}]}}